{"id":7,"date":"2023-07-06T07:21:23","date_gmt":"2023-07-06T04:21:23","guid":{"rendered":"https:\/\/u74361.www2.webdomain.fi\/?page_id=7"},"modified":"2025-12-19T22:10:12","modified_gmt":"2025-12-19T20:10:12","slug":"etusivu","status":"publish","type":"page","link":"http:\/\/u74361.www2.webdomain.fi\/","title":{"rendered":"etusivu"},"content":{"rendered":"\n<p class=\"has-text-align-center has-medium-font-size\">Tarjoamme taitoja koira-arkeen sek\u00e4 agilityn, rally-tokon ja tokon pienryhm\u00e4koulutuksia. Lis\u00e4ksi  ongelmak\u00e4yt\u00f6skoulutusta kotik\u00e4yntein\u00e4 ja yksityistunteja eri aiheista.<\/p>\n\n\n\n<figure class=\"wp-block-image size-large\"><img loading=\"lazy\" decoding=\"async\" width=\"1024\" height=\"348\" src=\"http:\/\/u74361.www2.webdomain.fi\/wp-content\/uploads\/2025\/12\/tuutikkiagi-1024x348.png\" alt=\"\" class=\"wp-image-93\" srcset=\"http:\/\/u74361.www2.webdomain.fi\/wp-content\/uploads\/2025\/12\/tuutikkiagi-1024x348.png 1024w, http:\/\/u74361.www2.webdomain.fi\/wp-content\/uploads\/2025\/12\/tuutikkiagi-300x102.png 300w, http:\/\/u74361.www2.webdomain.fi\/wp-content\/uploads\/2025\/12\/tuutikkiagi-768x261.png 768w, http:\/\/u74361.www2.webdomain.fi\/wp-content\/uploads\/2025\/12\/tuutikkiagi-1536x521.png 1536w, http:\/\/u74361.www2.webdomain.fi\/wp-content\/uploads\/2025\/12\/tuutikkiagi.png 2048w\" sizes=\"auto, (max-width: 1024px) 100vw, 1024px\" \/><\/figure>\n\n\n\n<blockquote class=\"wp-block-quote is-layout-flow wp-block-quote-is-layout-flow\">\n<p class=\"has-text-align-center\">Haluan kohdata jokaisen asiakkaani, niin ihmisen kuin koiran, omana ainutlaatuisena ja arvokkaana yksil\u00f6n\u00e4.<\/p>\n\n\n\n<p class=\"has-text-align-center\">-Maria Aaltonen<\/p>\n<\/blockquote>\n\n\n\n<p><\/p>\n","protected":false},"excerpt":{"rendered":"<p>Haluan kohdata jokaisen asiakkaani, niin ihmisen kuin koiran, omana ainutlaatuisena ja arvokkaana yksil\u00f6n\u00e4. <\/p>\n","protected":false},"author":1,"featured_media":0,"parent":0,"menu_order":0,"comment_status":"closed","ping_status":"closed","template":"","meta":{"footnotes":""},"class_list":["post-7","page","type-page","status-publish","hentry","entry"],"_links":{"self":[{"href":"http:\/\/u74361.www2.webdomain.fi\/index.php?rest_route=\/wp\/v2\/pages\/7","targetHints":{"allow":["GET"]}}],"collection":[{"href":"http:\/\/u74361.www2.webdomain.fi\/index.php?rest_route=\/wp\/v2\/pages"}],"about":[{"href":"http:\/\/u74361.www2.webdomain.fi\/index.php?rest_route=\/wp\/v2\/types\/page"}],"author":[{"embeddable":true,"href":"http:\/\/u74361.www2.webdomain.fi\/index.php?rest_route=\/wp\/v2\/users\/1"}],"replies":[{"embeddable":true,"href":"http:\/\/u74361.www2.webdomain.fi\/index.php?rest_route=%2Fwp%2Fv2%2Fcomments&post=7"}],"version-history":[{"count":48,"href":"http:\/\/u74361.www2.webdomain.fi\/index.php?rest_route=\/wp\/v2\/pages\/7\/revisions"}],"predecessor-version":[{"id":151,"href":"http:\/\/u74361.www2.webdomain.fi\/index.php?rest_route=\/wp\/v2\/pages\/7\/revisions\/151"}],"wp:attachment":[{"href":"http:\/\/u74361.www2.webdomain.fi\/index.php?rest_route=%2Fwp%2Fv2%2Fmedia&parent=7"}],"curies":[{"name":"wp","href":"https:\/\/api.w.org\/{rel}","templated":true}]}}